{"id":735,"date":"2022-12-06T10:19:17","date_gmt":"2022-12-06T09:19:17","guid":{"rendered":"http:\/\/annaelle-mahouna-photographie.com\/?page_id=735"},"modified":"2025-09-25T10:48:14","modified_gmt":"2025-09-25T08:48:14","slug":"portfolio","status":"publish","type":"page","link":"https:\/\/annaelle-mahouna-photographie.com\/index.php\/portfolio\/","title":{"rendered":"Portfolio"},"content":{"rendered":"\n<div class=\"wp-block-qi-blocks-spacer qodef-block-container qodef-block-692bf25b qodef-hide-on--desktop\"><div class=\"qi-block-spacer qodef-block qodef-m\"><\/div><\/div>\n\n\n\n<div class=\"wp-block-columns is-not-stacked-on-mobile is-layout-flex wp-container-core-columns-is-layout-9d6595d7 wp-block-columns-is-layout-flex\">\n<div class=\"wp-block-column is-layout-flow wp-block-column-is-layout-flow\" style=\"flex-basis:10px\"><\/div>\n\n\n\n<div class=\"wp-block-column is-layout-flow wp-block-column-is-layout-flow\">\n<div class=\"wp-block-qi-blocks-banner qodef-block-container qodef-block-a6caadb5 qodef-hide-on--desktop\"><div class=\"qi-block-banner qodef-block qodef-m qodef-layout--standard qodef-vertical--bottom qodef-horizontal--center qodef-image--hover-zoom\"><div class=\"qodef-m-image\"><img loading=\"lazy\" decoding=\"async\" width=\"2560\" height=\"1707\" class=\"wp-image-1484\" src=\"http:\/\/annaelle-mahouna-photographie.com\/wp-content\/uploads\/2023\/07\/Shooting-mariage-PJ-60-1-scaled.jpg\" alt=\"\" srcset=\"https:\/\/annaelle-mahouna-photographie.com\/wp-content\/uploads\/2023\/07\/Shooting-mariage-PJ-60-1-scaled.jpg 2560w, https:\/\/annaelle-mahouna-photographie.com\/wp-content\/uploads\/2023\/07\/Shooting-mariage-PJ-60-1-scaled-600x400.jpg 600w, https:\/\/annaelle-mahouna-photographie.com\/wp-content\/uploads\/2023\/07\/Shooting-mariage-PJ-60-1-300x200.jpg 300w, https:\/\/annaelle-mahouna-photographie.com\/wp-content\/uploads\/2023\/07\/Shooting-mariage-PJ-60-1-1024x683.jpg 1024w, https:\/\/annaelle-mahouna-photographie.com\/wp-content\/uploads\/2023\/07\/Shooting-mariage-PJ-60-1-768x512.jpg 768w, https:\/\/annaelle-mahouna-photographie.com\/wp-content\/uploads\/2023\/07\/Shooting-mariage-PJ-60-1-1536x1024.jpg 1536w\" sizes=\"auto, (max-width: 2560px) 100vw, 2560px\" \/><\/div><div class=\"qodef-m-content\"><div class=\"qodef-m-content-inner\"><h3 class=\"qodef-m-title\"><strong>MAriage<\/strong><\/h3><a href=\"http:\/\/annaelle-mahouna-photographie.com\/index.php\/portfolio\/mariage\/\" class=\"qodef-m-banner-link\"><\/a><\/div><\/div><\/div><\/div>\n<\/div>\n\n\n\n<div class=\"wp-block-column is-layout-flow wp-block-column-is-layout-flow\" style=\"flex-basis:10px\"><\/div>\n<\/div>\n\n\n\n<div class=\"wp-block-columns is-not-stacked-on-mobile is-layout-flex wp-container-core-columns-is-layout-9d6595d7 wp-block-columns-is-layout-flex\">\n<div class=\"wp-block-column is-layout-flow wp-block-column-is-layout-flow\" style=\"flex-basis:10px\"><\/div>\n\n\n\n<div class=\"wp-block-column is-layout-flow wp-block-column-is-layout-flow\">\n<div class=\"wp-block-qi-blocks-banner qodef-block-container qodef-block-ad55659c qodef-hide-on--desktop\"><div class=\"qi-block-banner qodef-block qodef-m qodef-layout--standard qodef-vertical--bottom qodef-horizontal--center qodef-image--hover-zoom\"><div class=\"qodef-m-image\"><img loading=\"lazy\" decoding=\"async\" width=\"2560\" height=\"1707\" class=\"wp-image-1604\" src=\"http:\/\/annaelle-mahouna-photographie.com\/wp-content\/uploads\/2023\/07\/Shooting-couple-JA-32-scaled.jpg\" alt=\"\" srcset=\"https:\/\/annaelle-mahouna-photographie.com\/wp-content\/uploads\/2023\/07\/Shooting-couple-JA-32-scaled.jpg 2560w, https:\/\/annaelle-mahouna-photographie.com\/wp-content\/uploads\/2023\/07\/Shooting-couple-JA-32-scaled-600x400.jpg 600w\" sizes=\"auto, (max-width: 2560px) 100vw, 2560px\" \/><\/div><div class=\"qodef-m-content\"><div class=\"qodef-m-content-inner\"><h3 class=\"qodef-m-title\"><strong>COUPLE<\/strong><\/h3><a href=\"http:\/\/annaelle-mahouna-photographie.com\/index.php\/portfolio\/couple\/\" class=\"qodef-m-banner-link\"><\/a><\/div><\/div><\/div><\/div>\n<\/div>\n\n\n\n<div class=\"wp-block-column is-layout-flow wp-block-column-is-layout-flow\" style=\"flex-basis:10px\"><\/div>\n<\/div>\n\n\n\n<div class=\"wp-block-columns is-not-stacked-on-mobile is-layout-flex wp-container-core-columns-is-layout-9d6595d7 wp-block-columns-is-layout-flex\">\n<div class=\"wp-block-column is-layout-flow wp-block-column-is-layout-flow\" style=\"flex-basis:10px\"><\/div>\n\n\n\n<div class=\"wp-block-column is-layout-flow wp-block-column-is-layout-flow\">\n<div class=\"wp-block-qi-blocks-banner qodef-block-container qodef-block-1da5687a qodef-hide-on--desktop\"><div class=\"qi-block-banner qodef-block qodef-m qodef-layout--standard qodef-vertical--bottom qodef-horizontal--center qodef-image--hover-zoom\"><div class=\"qodef-m-image\"><img loading=\"lazy\" decoding=\"async\" width=\"2560\" height=\"1707\" class=\"wp-image-2813\" src=\"http:\/\/annaelle-mahouna-photographie.com\/wp-content\/uploads\/2025\/09\/Shooting-grossesse-GJL-30-1-scaled.jpg\" alt=\"\" srcset=\"https:\/\/annaelle-mahouna-photographie.com\/wp-content\/uploads\/2025\/09\/Shooting-grossesse-GJL-30-1-scaled.jpg 2560w, https:\/\/annaelle-mahouna-photographie.com\/wp-content\/uploads\/2025\/09\/Shooting-grossesse-GJL-30-1-300x200.jpg 300w, https:\/\/annaelle-mahouna-photographie.com\/wp-content\/uploads\/2025\/09\/Shooting-grossesse-GJL-30-1-1024x683.jpg 1024w, https:\/\/annaelle-mahouna-photographie.com\/wp-content\/uploads\/2025\/09\/Shooting-grossesse-GJL-30-1-768x512.jpg 768w, https:\/\/annaelle-mahouna-photographie.com\/wp-content\/uploads\/2025\/09\/Shooting-grossesse-GJL-30-1-1536x1024.jpg 1536w\" sizes=\"auto, (max-width: 2560px) 100vw, 2560px\" \/><\/div><div class=\"qodef-m-content\"><div class=\"qodef-m-content-inner\"><h3 class=\"qodef-m-title\"><strong>Grossesse<\/strong><\/h3><a href=\"http:\/\/annaelle-mahouna-photographie.com\/index.php\/portfolio\/un-cadeau-a-venir\/\" class=\"qodef-m-banner-link\"><\/a><\/div><\/div><\/div><\/div>\n\n\n\n<div class=\"wp-block-qi-blocks-spacer qodef-block-container qodef-block-9192f872 qodef-hide-on--desktop\"><div class=\"qi-block-spacer qodef-block qodef-m\"><\/div><\/div>\n\n\n\n<div class=\"wp-block-qi-blocks-banner qodef-block-container qodef-block-d92079b2 qodef-hide-on--desktop\"><div class=\"qi-block-banner qodef-block qodef-m qodef-layout--standard qodef-vertical--bottom qodef-horizontal--center qodef-image--hover-zoom\"><div class=\"qodef-m-image\"><img loading=\"lazy\" decoding=\"async\" width=\"2560\" height=\"1707\" class=\"wp-image-1635\" src=\"http:\/\/annaelle-mahouna-photographie.com\/wp-content\/uploads\/2023\/07\/Shooting-naissance-Olivia-24-scaled.jpg\" alt=\"\" srcset=\"https:\/\/annaelle-mahouna-photographie.com\/wp-content\/uploads\/2023\/07\/Shooting-naissance-Olivia-24-scaled.jpg 2560w, https:\/\/annaelle-mahouna-photographie.com\/wp-content\/uploads\/2023\/07\/Shooting-naissance-Olivia-24-scaled-600x400.jpg 600w, https:\/\/annaelle-mahouna-photographie.com\/wp-content\/uploads\/2023\/07\/Shooting-naissance-Olivia-24-300x200.jpg 300w, https:\/\/annaelle-mahouna-photographie.com\/wp-content\/uploads\/2023\/07\/Shooting-naissance-Olivia-24-1024x683.jpg 1024w, https:\/\/annaelle-mahouna-photographie.com\/wp-content\/uploads\/2023\/07\/Shooting-naissance-Olivia-24-768x512.jpg 768w, https:\/\/annaelle-mahouna-photographie.com\/wp-content\/uploads\/2023\/07\/Shooting-naissance-Olivia-24-1536x1024.jpg 1536w\" sizes=\"auto, (max-width: 2560px) 100vw, 2560px\" \/><\/div><div class=\"qodef-m-content\"><div class=\"qodef-m-content-inner\"><h3 class=\"qodef-m-title\"><strong>NAISSANCE<\/strong><\/h3><a href=\"http:\/\/annaelle-mahouna-photographie.com\/index.php\/portfolio\/un-tresor-inestimable\/\" class=\"qodef-m-banner-link\"><\/a><\/div><\/div><\/div><\/div>\n<\/div>\n\n\n\n<div class=\"wp-block-column is-layout-flow wp-block-column-is-layout-flow\" style=\"flex-basis:10px\"><\/div>\n<\/div>\n\n\n\n<div class=\"wp-block-columns is-not-stacked-on-mobile is-layout-flex wp-container-core-columns-is-layout-9d6595d7 wp-block-columns-is-layout-flex\">\n<div class=\"wp-block-column is-layout-flow wp-block-column-is-layout-flow\" style=\"flex-basis:10px\"><\/div>\n\n\n\n<div class=\"wp-block-column is-layout-flow wp-block-column-is-layout-flow\">\n<div class=\"wp-block-qi-blocks-banner qodef-block-container qodef-block-73cd930a qodef-hide-on--desktop\"><div class=\"qi-block-banner qodef-block qodef-m qodef-layout--standard qodef-vertical--bottom qodef-horizontal--center qodef-image--hover-zoom\"><div class=\"qodef-m-image\"><img loading=\"lazy\" decoding=\"async\" width=\"2560\" height=\"1707\" class=\"wp-image-1679\" src=\"http:\/\/annaelle-mahouna-photographie.com\/wp-content\/uploads\/2023\/07\/Shooting-lifestyle-famille-47-scaled.jpg\" alt=\"\" srcset=\"https:\/\/annaelle-mahouna-photographie.com\/wp-content\/uploads\/2023\/07\/Shooting-lifestyle-famille-47-scaled.jpg 2560w, https:\/\/annaelle-mahouna-photographie.com\/wp-content\/uploads\/2023\/07\/Shooting-lifestyle-famille-47-scaled-600x400.jpg 600w, https:\/\/annaelle-mahouna-photographie.com\/wp-content\/uploads\/2023\/07\/Shooting-lifestyle-famille-47-300x200.jpg 300w, https:\/\/annaelle-mahouna-photographie.com\/wp-content\/uploads\/2023\/07\/Shooting-lifestyle-famille-47-1024x683.jpg 1024w, https:\/\/annaelle-mahouna-photographie.com\/wp-content\/uploads\/2023\/07\/Shooting-lifestyle-famille-47-768x512.jpg 768w, https:\/\/annaelle-mahouna-photographie.com\/wp-content\/uploads\/2023\/07\/Shooting-lifestyle-famille-47-1536x1024.jpg 1536w\" sizes=\"auto, (max-width: 2560px) 100vw, 2560px\" \/><\/div><div class=\"qodef-m-content\"><div class=\"qodef-m-content-inner\"><h3 class=\"qodef-m-title\"><strong>B<strong>\u00c9<\/strong>B<strong>\u00c9<\/strong> un an<\/strong><\/h3><a href=\"http:\/\/annaelle-mahouna-photographie.com\/index.php\/portfolio\/des-moments-de-tendresse\/\" class=\"qodef-m-banner-link\"><\/a><\/div><\/div><\/div><\/div>\n\n\n\n<div class=\"wp-block-qi-blocks-spacer qodef-block-container qodef-block-639f73e5 qodef-hide-on--desktop\"><div class=\"qi-block-spacer qodef-block qodef-m\"><\/div><\/div>\n\n\n\n<div class=\"wp-block-qi-blocks-banner qodef-block-container qodef-block-3068a166 qodef-hide-on--desktop\"><div class=\"qi-block-banner qodef-block qodef-m qodef-layout--standard qodef-vertical--bottom qodef-horizontal--center qodef-image--hover-zoom\"><div class=\"qodef-m-image\"><img loading=\"lazy\" decoding=\"async\" width=\"2560\" height=\"1711\" class=\"wp-image-2770\" src=\"http:\/\/annaelle-mahouna-photographie.com\/wp-content\/uploads\/2025\/09\/Shooting-famille-Jouaux-22-scaled.jpg\" alt=\"\" srcset=\"https:\/\/annaelle-mahouna-photographie.com\/wp-content\/uploads\/2025\/09\/Shooting-famille-Jouaux-22-scaled.jpg 2560w, https:\/\/annaelle-mahouna-photographie.com\/wp-content\/uploads\/2025\/09\/Shooting-famille-Jouaux-22-300x200.jpg 300w, https:\/\/annaelle-mahouna-photographie.com\/wp-content\/uploads\/2025\/09\/Shooting-famille-Jouaux-22-1024x684.jpg 1024w, https:\/\/annaelle-mahouna-photographie.com\/wp-content\/uploads\/2025\/09\/Shooting-famille-Jouaux-22-768x513.jpg 768w, https:\/\/annaelle-mahouna-photographie.com\/wp-content\/uploads\/2025\/09\/Shooting-famille-Jouaux-22-1536x1026.jpg 1536w, https:\/\/annaelle-mahouna-photographie.com\/wp-content\/uploads\/2025\/09\/Shooting-famille-Jouaux-22-600x401.jpg 600w\" sizes=\"auto, (max-width: 2560px) 100vw, 2560px\" \/><\/div><div class=\"qodef-m-content\"><div class=\"qodef-m-content-inner\"><h3 class=\"qodef-m-title\"><strong>Famille<\/strong><\/h3><a href=\"http:\/\/annaelle-mahouna-photographie.com\/index.php\/portfolio\/une-famille-unie\/\" class=\"qodef-m-banner-link\"><\/a><\/div><\/div><\/div><\/div>\n<\/div>\n\n\n\n<div class=\"wp-block-column is-layout-flow wp-block-column-is-layout-flow\" style=\"flex-basis:10px\"><\/div>\n<\/div>\n\n\n\n<div class=\"wp-block-columns is-layout-flex wp-container-core-columns-is-layout-9d6595d7 wp-block-columns-is-layout-flex\">\n<div class=\"wp-block-column is-layout-flow wp-block-column-is-layout-flow\" style=\"flex-basis:100px\"><\/div>\n\n\n\n<div class=\"wp-block-column is-layout-flow wp-block-column-is-layout-flow\">\n<div class=\"wp-block-qi-blocks-banner qodef-block-container qodef-block-badd5999 qodef-hide-on--tablet qodef-hide-on--mobile\"><div class=\"qi-block-banner qodef-block qodef-m qodef-layout--standard qodef-vertical--bottom qodef-horizontal--center qodef-image--hover-zoom\"><div class=\"qodef-m-image\"><img loading=\"lazy\" decoding=\"async\" width=\"2560\" height=\"1707\" class=\"wp-image-1484\" src=\"http:\/\/annaelle-mahouna-photographie.com\/wp-content\/uploads\/2023\/07\/Shooting-mariage-PJ-60-1-scaled.jpg\" alt=\"\" srcset=\"https:\/\/annaelle-mahouna-photographie.com\/wp-content\/uploads\/2023\/07\/Shooting-mariage-PJ-60-1-scaled.jpg 2560w, https:\/\/annaelle-mahouna-photographie.com\/wp-content\/uploads\/2023\/07\/Shooting-mariage-PJ-60-1-scaled-600x400.jpg 600w, https:\/\/annaelle-mahouna-photographie.com\/wp-content\/uploads\/2023\/07\/Shooting-mariage-PJ-60-1-300x200.jpg 300w, https:\/\/annaelle-mahouna-photographie.com\/wp-content\/uploads\/2023\/07\/Shooting-mariage-PJ-60-1-1024x683.jpg 1024w, https:\/\/annaelle-mahouna-photographie.com\/wp-content\/uploads\/2023\/07\/Shooting-mariage-PJ-60-1-768x512.jpg 768w, https:\/\/annaelle-mahouna-photographie.com\/wp-content\/uploads\/2023\/07\/Shooting-mariage-PJ-60-1-1536x1024.jpg 1536w\" sizes=\"auto, (max-width: 2560px) 100vw, 2560px\" \/><\/div><div class=\"qodef-m-content\"><div class=\"qodef-m-content-inner\"><h3 class=\"qodef-m-title\"><strong>MAriage<\/strong><\/h3><a href=\"http:\/\/annaelle-mahouna-photographie.com\/index.php\/portfolio\/mariage\/\" class=\"qodef-m-banner-link\"><\/a><\/div><\/div><\/div><\/div>\n<\/div>\n\n\n\n<div class=\"wp-block-column is-layout-flow wp-block-column-is-layout-flow\">\n<div class=\"wp-block-qi-blocks-banner qodef-block-container qodef-block-dde70d57 qodef-hide-on--tablet qodef-hide-on--mobile\"><div class=\"qi-block-banner qodef-block qodef-m qodef-layout--standard qodef-vertical--bottom qodef-horizontal--center qodef-image--hover-zoom\"><div class=\"qodef-m-image\"><img loading=\"lazy\" decoding=\"async\" width=\"2560\" height=\"1707\" class=\"wp-image-1604\" src=\"http:\/\/annaelle-mahouna-photographie.com\/wp-content\/uploads\/2023\/07\/Shooting-couple-JA-32-scaled.jpg\" alt=\"\" srcset=\"https:\/\/annaelle-mahouna-photographie.com\/wp-content\/uploads\/2023\/07\/Shooting-couple-JA-32-scaled.jpg 2560w, https:\/\/annaelle-mahouna-photographie.com\/wp-content\/uploads\/2023\/07\/Shooting-couple-JA-32-scaled-600x400.jpg 600w\" sizes=\"auto, (max-width: 2560px) 100vw, 2560px\" \/><\/div><div class=\"qodef-m-content\"><div class=\"qodef-m-content-inner\"><h3 class=\"qodef-m-title\"><strong>COUPLE<\/strong><\/h3><a href=\"http:\/\/annaelle-mahouna-photographie.com\/index.php\/portfolio\/couple\/\" class=\"qodef-m-banner-link\"><\/a><\/div><\/div><\/div><\/div>\n<\/div>\n\n\n\n<div class=\"wp-block-column is-layout-flow wp-block-column-is-layout-flow\" style=\"flex-basis:100px\"><\/div>\n<\/div>\n\n\n\n<div class=\"wp-block-columns is-layout-flex wp-container-core-columns-is-layout-9d6595d7 wp-block-columns-is-layout-flex\">\n<div class=\"wp-block-column is-layout-flow wp-block-column-is-layout-flow\" style=\"flex-basis:100px\"><\/div>\n\n\n\n<div class=\"wp-block-column is-layout-flow wp-block-column-is-layout-flow\">\n<div class=\"wp-block-qi-blocks-banner qodef-block-container qodef-block-c8b7cb04 qodef-hide-on--tablet qodef-hide-on--mobile\"><div class=\"qi-block-banner qodef-block qodef-m qodef-layout--standard qodef-vertical--bottom qodef-horizontal--center qodef-image--hover-zoom\"><div class=\"qodef-m-image\"><img loading=\"lazy\" decoding=\"async\" width=\"2560\" height=\"1707\" class=\"wp-image-2762\" src=\"http:\/\/annaelle-mahouna-photographie.com\/wp-content\/uploads\/2025\/09\/Shooting-grossesse-GJL-30-scaled.jpg\" alt=\"\" srcset=\"https:\/\/annaelle-mahouna-photographie.com\/wp-content\/uploads\/2025\/09\/Shooting-grossesse-GJL-30-scaled.jpg 2560w, https:\/\/annaelle-mahouna-photographie.com\/wp-content\/uploads\/2025\/09\/Shooting-grossesse-GJL-30-300x200.jpg 300w, https:\/\/annaelle-mahouna-photographie.com\/wp-content\/uploads\/2025\/09\/Shooting-grossesse-GJL-30-1024x683.jpg 1024w, https:\/\/annaelle-mahouna-photographie.com\/wp-content\/uploads\/2025\/09\/Shooting-grossesse-GJL-30-768x512.jpg 768w\" sizes=\"auto, (max-width: 2560px) 100vw, 2560px\" \/><\/div><div class=\"qodef-m-content\"><div class=\"qodef-m-content-inner\"><h3 class=\"qodef-m-title\"><strong>grossesse<\/strong><\/h3><a href=\"http:\/\/annaelle-mahouna-photographie.com\/index.php\/portfolio\/un-cadeau-a-venir\/\" class=\"qodef-m-banner-link\"><\/a><\/div><\/div><\/div><\/div>\n<\/div>\n\n\n\n<div class=\"wp-block-column is-layout-flow wp-block-column-is-layout-flow\">\n<div class=\"wp-block-qi-blocks-banner qodef-block-container qodef-block-27cf127e qodef-hide-on--tablet qodef-hide-on--mobile\"><div class=\"qi-block-banner qodef-block qodef-m qodef-layout--standard qodef-vertical--bottom qodef-horizontal--center qodef-image--hover-zoom\"><div class=\"qodef-m-image\"><img loading=\"lazy\" decoding=\"async\" width=\"2560\" height=\"1707\" class=\"wp-image-2758\" src=\"http:\/\/annaelle-mahouna-photographie.com\/wp-content\/uploads\/2025\/09\/Shooting-naissance-Olivia-24-scaled.jpg\" alt=\"\" srcset=\"https:\/\/annaelle-mahouna-photographie.com\/wp-content\/uploads\/2025\/09\/Shooting-naissance-Olivia-24-scaled.jpg 2560w, https:\/\/annaelle-mahouna-photographie.com\/wp-content\/uploads\/2025\/09\/Shooting-naissance-Olivia-24-300x200.jpg 300w, https:\/\/annaelle-mahouna-photographie.com\/wp-content\/uploads\/2025\/09\/Shooting-naissance-Olivia-24-1024x683.jpg 1024w, https:\/\/annaelle-mahouna-photographie.com\/wp-content\/uploads\/2025\/09\/Shooting-naissance-Olivia-24-768x512.jpg 768w, https:\/\/annaelle-mahouna-photographie.com\/wp-content\/uploads\/2025\/09\/Shooting-naissance-Olivia-24-1536x1024.jpg 1536w\" sizes=\"auto, (max-width: 2560px) 100vw, 2560px\" \/><\/div><div class=\"qodef-m-content\"><div class=\"qodef-m-content-inner\"><h3 class=\"qodef-m-title\"><strong>naissance<\/strong><\/h3><a href=\"http:\/\/annaelle-mahouna-photographie.com\/index.php\/portfolio\/un-tresor-inestimable\/\" class=\"qodef-m-banner-link\"><\/a><\/div><\/div><\/div><\/div>\n<\/div>\n\n\n\n<div class=\"wp-block-column is-layout-flow wp-block-column-is-layout-flow\" style=\"flex-basis:100px\"><\/div>\n<\/div>\n\n\n\n<div class=\"wp-block-columns is-layout-flex wp-container-core-columns-is-layout-9d6595d7 wp-block-columns-is-layout-flex\">\n<div class=\"wp-block-column is-layout-flow wp-block-column-is-layout-flow\" style=\"flex-basis:100px\"><\/div>\n\n\n\n<div class=\"wp-block-column is-layout-flow wp-block-column-is-layout-flow\">\n<div class=\"wp-block-qi-blocks-banner qodef-block-container qodef-block-b8a34b12 qodef-hide-on--tablet qodef-hide-on--mobile\"><div class=\"qi-block-banner qodef-block qodef-m qodef-layout--standard qodef-vertical--bottom qodef-horizontal--center qodef-image--hover-zoom\"><div class=\"qodef-m-image\"><img loading=\"lazy\" decoding=\"async\" width=\"2560\" height=\"1707\" class=\"wp-image-1679\" src=\"http:\/\/annaelle-mahouna-photographie.com\/wp-content\/uploads\/2023\/07\/Shooting-lifestyle-famille-47-scaled.jpg\" alt=\"\" srcset=\"https:\/\/annaelle-mahouna-photographie.com\/wp-content\/uploads\/2023\/07\/Shooting-lifestyle-famille-47-scaled.jpg 2560w, https:\/\/annaelle-mahouna-photographie.com\/wp-content\/uploads\/2023\/07\/Shooting-lifestyle-famille-47-scaled-600x400.jpg 600w, https:\/\/annaelle-mahouna-photographie.com\/wp-content\/uploads\/2023\/07\/Shooting-lifestyle-famille-47-300x200.jpg 300w, https:\/\/annaelle-mahouna-photographie.com\/wp-content\/uploads\/2023\/07\/Shooting-lifestyle-famille-47-1024x683.jpg 1024w, https:\/\/annaelle-mahouna-photographie.com\/wp-content\/uploads\/2023\/07\/Shooting-lifestyle-famille-47-768x512.jpg 768w, https:\/\/annaelle-mahouna-photographie.com\/wp-content\/uploads\/2023\/07\/Shooting-lifestyle-famille-47-1536x1024.jpg 1536w\" sizes=\"auto, (max-width: 2560px) 100vw, 2560px\" \/><\/div><div class=\"qodef-m-content\"><div class=\"qodef-m-content-inner\"><h3 class=\"qodef-m-title\"><strong>B<strong>\u00c9<\/strong>B<strong>\u00c9<\/strong><\/strong> <strong>un an<\/strong><\/h3><a href=\"http:\/\/annaelle-mahouna-photographie.com\/index.php\/portfolio\/des-moments-de-tendresse\/\" class=\"qodef-m-banner-link\"><\/a><\/div><\/div><\/div><\/div>\n<\/div>\n\n\n\n<div class=\"wp-block-column is-layout-flow wp-block-column-is-layout-flow\">\n<div class=\"wp-block-qi-blocks-banner qodef-block-container qodef-block-e1dae1a7 qodef-hide-on--tablet qodef-hide-on--mobile\"><div class=\"qi-block-banner qodef-block qodef-m qodef-layout--standard qodef-vertical--bottom qodef-horizontal--center qodef-image--hover-zoom\"><div class=\"qodef-m-image\"><img loading=\"lazy\" decoding=\"async\" width=\"2560\" height=\"1711\" class=\"wp-image-2770\" src=\"http:\/\/annaelle-mahouna-photographie.com\/wp-content\/uploads\/2025\/09\/Shooting-famille-Jouaux-22-scaled.jpg\" alt=\"\" srcset=\"https:\/\/annaelle-mahouna-photographie.com\/wp-content\/uploads\/2025\/09\/Shooting-famille-Jouaux-22-scaled.jpg 2560w, https:\/\/annaelle-mahouna-photographie.com\/wp-content\/uploads\/2025\/09\/Shooting-famille-Jouaux-22-300x200.jpg 300w, https:\/\/annaelle-mahouna-photographie.com\/wp-content\/uploads\/2025\/09\/Shooting-famille-Jouaux-22-1024x684.jpg 1024w, https:\/\/annaelle-mahouna-photographie.com\/wp-content\/uploads\/2025\/09\/Shooting-famille-Jouaux-22-768x513.jpg 768w, https:\/\/annaelle-mahouna-photographie.com\/wp-content\/uploads\/2025\/09\/Shooting-famille-Jouaux-22-1536x1026.jpg 1536w, https:\/\/annaelle-mahouna-photographie.com\/wp-content\/uploads\/2025\/09\/Shooting-famille-Jouaux-22-600x401.jpg 600w\" sizes=\"auto, (max-width: 2560px) 100vw, 2560px\" \/><\/div><div class=\"qodef-m-content\"><div class=\"qodef-m-content-inner\"><h3 class=\"qodef-m-title\"><strong>FAMILLE<\/strong><\/h3><a href=\"http:\/\/annaelle-mahouna-photographie.com\/index.php\/portfolio\/une-famille-unie\/\" class=\"qodef-m-banner-link\"><\/a><\/div><\/div><\/div><\/div>\n<\/div>\n\n\n\n<div class=\"wp-block-column is-layout-flow wp-block-column-is-layout-flow\" style=\"flex-basis:100px\"><\/div>\n<\/div>\n\n\n\n<div class=\"wp-block-qi-blocks-spacer qodef-block-container qodef-block-fceadac9 qodef-hide-on--mobile\"><div class=\"qi-block-spacer qodef-block qodef-m\"><\/div><\/div>\n","protected":false},"excerpt":{"rendered":"MAriage COUPLE Grossesse NAISSANCE B\u00c9B\u00c9 un an Famille MAriage COUPLE grossesse naissance B\u00c9B\u00c9 un an FAMILLE","protected":false},"author":1,"featured_media":0,"parent":0,"menu_order":0,"comment_status":"closed","ping_status":"closed","template":"qi-blocks-full-width.php","meta":{"footnotes":""},"class_list":["post-735","page","type-page","status-publish","hentry"],"_links":{"self":[{"href":"https:\/\/annaelle-mahouna-photographie.com\/index.php\/wp-json\/wp\/v2\/pages\/735","targetHints":{"allow":["GET"]}}],"collection":[{"href":"https:\/\/annaelle-mahouna-photographie.com\/index.php\/wp-json\/wp\/v2\/pages"}],"about":[{"href":"https:\/\/annaelle-mahouna-photographie.com\/index.php\/wp-json\/wp\/v2\/types\/page"}],"author":[{"embeddable":true,"href":"https:\/\/annaelle-mahouna-photographie.com\/index.php\/wp-json\/wp\/v2\/users\/1"}],"replies":[{"embeddable":true,"href":"https:\/\/annaelle-mahouna-photographie.com\/index.php\/wp-json\/wp\/v2\/comments?post=735"}],"version-history":[{"count":78,"href":"https:\/\/annaelle-mahouna-photographie.com\/index.php\/wp-json\/wp\/v2\/pages\/735\/revisions"}],"predecessor-version":[{"id":3094,"href":"https:\/\/annaelle-mahouna-photographie.com\/index.php\/wp-json\/wp\/v2\/pages\/735\/revisions\/3094"}],"wp:attachment":[{"href":"https:\/\/annaelle-mahouna-photographie.com\/index.php\/wp-json\/wp\/v2\/media?parent=735"}],"curies":[{"name":"wp","href":"https:\/\/api.w.org\/{rel}","templated":true}]}}