{"id":499,"date":"2022-12-01T16:00:29","date_gmt":"2022-12-01T15:00:29","guid":{"rendered":"http:\/\/annaelle-mahouna-photographie.com\/?page_id=499"},"modified":"2023-07-10T14:06:19","modified_gmt":"2023-07-10T12:06:19","slug":"seance-pere-et-fils","status":"publish","type":"page","link":"https:\/\/annaelle-mahouna-photographie.com\/index.php\/blog\/seance-pere-et-fils\/","title":{"rendered":"S\u00e9ance p\u00e8re et fils"},"content":{"rendered":"\n<p class=\"has-text-align-center has-text-color has-small-font-size\" style=\"color:#ccad57\"><strong>S\u00c9ANCE PHOTOS DE FAMILLE<\/strong><\/p>\n\n\n\n<div style=\"height:40px\" aria-hidden=\"true\" class=\"wp-block-spacer\"><\/div>\n\n\n\n<p class=\"has-text-align-center\" style=\"font-size:15px\"><strong>Une s\u00e9ance photos avec un p\u00e8re et son fils pleine de jolies couleurs qui annoncent l\u2019hiver \u00e0 venir.<\/strong><\/p>\n\n\n\n<div style=\"height:50px\" aria-hidden=\"true\" class=\"wp-block-spacer\"><\/div>\n\n\n<div class=\"wp-block-image\">\n<figure class=\"aligncenter size-large is-resized\"><img loading=\"lazy\" decoding=\"async\" src=\"http:\/\/annaelle-mahouna-photographie.com\/wp-content\/uploads\/2022\/09\/Shooting-pere-fils-19-1-1024x683.jpg\" alt=\"\" class=\"wp-image-501\" width=\"768\" height=\"512\" srcset=\"https:\/\/annaelle-mahouna-photographie.com\/wp-content\/uploads\/2022\/09\/Shooting-pere-fils-19-1-1024x683.jpg 1024w, https:\/\/annaelle-mahouna-photographie.com\/wp-content\/uploads\/2022\/09\/Shooting-pere-fils-19-1-scaled-600x400.jpg 600w, https:\/\/annaelle-mahouna-photographie.com\/wp-content\/uploads\/2022\/09\/Shooting-pere-fils-19-1-300x200.jpg 300w, https:\/\/annaelle-mahouna-photographie.com\/wp-content\/uploads\/2022\/09\/Shooting-pere-fils-19-1-768x512.jpg 768w, https:\/\/annaelle-mahouna-photographie.com\/wp-content\/uploads\/2022\/09\/Shooting-pere-fils-19-1-1536x1024.jpg 1536w\" sizes=\"auto, (max-width: 768px) 100vw, 768px\" \/><\/figure>\n<\/div>\n\n\n<div style=\"height:121px\" aria-hidden=\"true\" class=\"wp-block-spacer\"><\/div>\n\n\n\n<p class=\"has-text-align-center has-medium-font-size\"><em>Pourquoi faire une s\u00e9ance photos en famille&nbsp;?<\/em><\/p>\n\n\n\n<hr class=\"wp-block-separator has-alpha-channel-opacity\"\/>\n\n\n\n<p class=\"has-text-align-center\" style=\"font-size:16px\"><em><strong>Des souvenirs qui n\u2019ont pas de prix<\/strong><\/em><\/p>\n\n\n\n<div class=\"wp-block-columns is-layout-flex wp-container-core-columns-is-layout-9d6595d7 wp-block-columns-is-layout-flex\">\n<div class=\"wp-block-column is-layout-flow wp-block-column-is-layout-flow\" style=\"flex-basis:25%\"><\/div>\n\n\n\n<div class=\"wp-block-column is-layout-flow wp-block-column-is-layout-flow\" style=\"flex-basis:70%\">\n<p class=\"has-text-align-center\" style=\"font-size:15px\">Combien de fois vous \u00eates-vous r\u00e9gal\u00e9s, pos\u00e9s sur votre canap\u00e9 en famille, \u00e0 regarder de vieux albums photos en repensant \u00e0 tout ce temps qui est pass\u00e9 si vite&nbsp;?<\/p>\n\n\n\n<p class=\"has-text-align-center\" style=\"font-size:15px\">Cela permet de garder en m\u00e9moire des moments pr\u00e9cieux, et que l\u2019on a vite tendance \u00e0 oublier, notamment lorsque les enfants sont en bas \u00e2ge. Les photos de famille peuvent \u00e9galement \u00eatre prises pour un \u00e9v\u00e8nement particulier, comme des cartes de v\u0153ux pendant la p\u00e9riode des f\u00eates.<\/p>\n<\/div>\n\n\n\n<div class=\"wp-block-column is-layout-flow wp-block-column-is-layout-flow\" style=\"flex-basis:25%\"><\/div>\n<\/div>\n\n\n\n<div style=\"height:85px\" aria-hidden=\"true\" class=\"wp-block-spacer\"><\/div>\n\n\n\n<p class=\"has-text-align-center has-medium-font-size\"><em>Comment s\u2019habiller pour une s\u00e9ance photos&nbsp;famille ?<\/em><\/p>\n\n\n\n<hr class=\"wp-block-separator has-alpha-channel-opacity\"\/>\n\n\n\n<div class=\"wp-block-columns is-layout-flex wp-container-core-columns-is-layout-9d6595d7 wp-block-columns-is-layout-flex\">\n<div class=\"wp-block-column is-layout-flow wp-block-column-is-layout-flow\" style=\"flex-basis:25%\"><\/div>\n\n\n\n<div class=\"wp-block-column is-layout-flow wp-block-column-is-layout-flow\" style=\"flex-basis:70%\">\n<p class=\"has-text-align-center\" style=\"font-size:15px\">La tenue va bien \u00e9videmment d\u00e9pendre de la saison, et si vous \u00eates en int\u00e9rieur ou en ext\u00e9rieur. Mais il y a tout de m\u00eame certains conseils \u00e0 prendre en compte afin d\u2019avoir des photos harmonieuses&nbsp;:<\/p>\n<\/div>\n\n\n\n<div class=\"wp-block-column is-layout-flow wp-block-column-is-layout-flow\" style=\"flex-basis:25%\"><\/div>\n<\/div>\n\n\n\n<p class=\"has-text-align-center\" style=\"font-size:15px\"><em>Avoir id\u00e9alement des tenues assorties.<\/em><\/p>\n\n\n\n<p class=\"has-text-align-center\" style=\"font-size:15px\"><em>Choisir des couleurs neutres.<\/em><\/p>\n\n\n\n<p class=\"has-text-align-center\" style=\"font-size:15px\"><em>Eviter les couleurs vives, les imprim\u00e9s ou les motifs. <\/em><\/p>\n\n\n\n<p class=\"has-text-align-center\" style=\"font-size:15px\"><em>Ne pas oublier le confort, sinon la s\u00e9ance risque d&rsquo;\u00eatre tr\u00e8s longue pour vous. <\/em><\/p>\n\n\n\n<div style=\"height:74px\" aria-hidden=\"true\" class=\"wp-block-spacer\"><\/div>\n\n\n<div class=\"wp-block-image\">\n<figure class=\"aligncenter size-large is-resized\"><img loading=\"lazy\" decoding=\"async\" src=\"http:\/\/annaelle-mahouna-photographie.com\/wp-content\/uploads\/2023\/04\/Shooting-pere-fils-18-1024x683.jpg\" alt=\"\" class=\"wp-image-1271\" width=\"768\" height=\"512\" srcset=\"https:\/\/annaelle-mahouna-photographie.com\/wp-content\/uploads\/2023\/04\/Shooting-pere-fils-18-1024x683.jpg 1024w, https:\/\/annaelle-mahouna-photographie.com\/wp-content\/uploads\/2023\/04\/Shooting-pere-fils-18-scaled-600x400.jpg 600w, https:\/\/annaelle-mahouna-photographie.com\/wp-content\/uploads\/2023\/04\/Shooting-pere-fils-18-300x200.jpg 300w, https:\/\/annaelle-mahouna-photographie.com\/wp-content\/uploads\/2023\/04\/Shooting-pere-fils-18-768x512.jpg 768w, https:\/\/annaelle-mahouna-photographie.com\/wp-content\/uploads\/2023\/04\/Shooting-pere-fils-18-1536x1024.jpg 1536w\" sizes=\"auto, (max-width: 768px) 100vw, 768px\" \/><\/figure>\n<\/div>\n\n\n<div style=\"height:119px\" aria-hidden=\"true\" class=\"wp-block-spacer\"><\/div>\n\n\n\n<p class=\"has-text-align-center has-medium-font-size\"><em>Quel lieu choisir pour ce type de s\u00e9ance photos&nbsp;?<\/em><\/p>\n\n\n\n<hr class=\"wp-block-separator has-alpha-channel-opacity\"\/>\n\n\n\n<p class=\"has-text-align-center\" style=\"font-size:15px\"><strong>Pour ce type de s\u00e9ance, le lieu d\u00e9pendra de vos go\u00fbts.<\/strong><\/p>\n\n\n\n<div class=\"wp-block-columns is-layout-flex wp-container-core-columns-is-layout-9d6595d7 wp-block-columns-is-layout-flex\">\n<div class=\"wp-block-column is-layout-flow wp-block-column-is-layout-flow\" style=\"flex-basis:25%\"><\/div>\n\n\n\n<div class=\"wp-block-column is-layout-flow wp-block-column-is-layout-flow\" style=\"flex-basis:70%\">\n<p class=\"has-text-align-center\" style=\"font-size:15px\">Vous pouvez partir sur une s\u00e9ance en ext\u00e9rieur pour retrouver un style bucolique, comme sur les photos de cet article, ou bien opter pour des images \u00ab&nbsp;lifestyle&nbsp;\u00bb, c\u2019est-\u00e0-dire \u00e0 votre domicile.<\/p>\n\n\n\n<p class=\"has-text-align-center\" style=\"font-size:15px\">Les photos \u00ab&nbsp;lifestyle&nbsp;\u00bb permettent d\u2019\u00eatre plus \u00e0 l\u2019aise, car vous \u00eates dans votre environnement quotidien auquel vous et vos enfants sont habitu\u00e9s. Il sera alors plus naturel pour vous d\u2019\u00eatre d\u00e9tendu et d\u2019oublier l\u2019appareil pour r\u00e9cup\u00e9rer des images naturelles et spontan\u00e9es.<\/p>\n\n\n\n<p class=\"has-text-align-center\" style=\"font-size:15px\">Il n\u2019y a pas de bon ou de mauvais choix concernant le lieu. Vous devriez choisir l\u2019option qui vous convient le mieux, car c\u2019est vous qui garderez ces souvenirs.<\/p>\n<\/div>\n\n\n\n<div class=\"wp-block-column is-layout-flow wp-block-column-is-layout-flow\" style=\"flex-basis:25%\"><\/div>\n<\/div>\n\n\n\n<div style=\"height:42px\" aria-hidden=\"true\" class=\"wp-block-spacer\"><\/div>\n\n\n\n<div class=\"wp-block-columns is-layout-flex wp-container-core-columns-is-layout-9d6595d7 wp-block-columns-is-layout-flex\">\n<div class=\"wp-block-column is-layout-flow wp-block-column-is-layout-flow\">\n<figure class=\"wp-block-image size-large\"><img loading=\"lazy\" decoding=\"async\" width=\"1024\" height=\"683\" src=\"http:\/\/annaelle-mahouna-photographie.com\/wp-content\/uploads\/2022\/12\/Shooting-pere-fils-8-1024x683.jpg\" alt=\"\" class=\"wp-image-715\" srcset=\"https:\/\/annaelle-mahouna-photographie.com\/wp-content\/uploads\/2022\/12\/Shooting-pere-fils-8-1024x683.jpg 1024w, https:\/\/annaelle-mahouna-photographie.com\/wp-content\/uploads\/2022\/12\/Shooting-pere-fils-8-scaled-600x400.jpg 600w, https:\/\/annaelle-mahouna-photographie.com\/wp-content\/uploads\/2022\/12\/Shooting-pere-fils-8-300x200.jpg 300w, https:\/\/annaelle-mahouna-photographie.com\/wp-content\/uploads\/2022\/12\/Shooting-pere-fils-8-768x512.jpg 768w, https:\/\/annaelle-mahouna-photographie.com\/wp-content\/uploads\/2022\/12\/Shooting-pere-fils-8-1536x1024.jpg 1536w\" sizes=\"auto, (max-width: 1024px) 100vw, 1024px\" \/><\/figure>\n<\/div>\n\n\n\n<div class=\"wp-block-column is-layout-flow wp-block-column-is-layout-flow\">\n<figure class=\"wp-block-image size-large\"><img loading=\"lazy\" decoding=\"async\" width=\"1024\" height=\"683\" src=\"http:\/\/annaelle-mahouna-photographie.com\/wp-content\/uploads\/2022\/12\/Shooting-pere-fils-9-1024x683.jpg\" alt=\"\" class=\"wp-image-716\" srcset=\"https:\/\/annaelle-mahouna-photographie.com\/wp-content\/uploads\/2022\/12\/Shooting-pere-fils-9-1024x683.jpg 1024w, https:\/\/annaelle-mahouna-photographie.com\/wp-content\/uploads\/2022\/12\/Shooting-pere-fils-9-scaled-600x400.jpg 600w, https:\/\/annaelle-mahouna-photographie.com\/wp-content\/uploads\/2022\/12\/Shooting-pere-fils-9-300x200.jpg 300w, https:\/\/annaelle-mahouna-photographie.com\/wp-content\/uploads\/2022\/12\/Shooting-pere-fils-9-768x512.jpg 768w, https:\/\/annaelle-mahouna-photographie.com\/wp-content\/uploads\/2022\/12\/Shooting-pere-fils-9-1536x1024.jpg 1536w, https:\/\/annaelle-mahouna-photographie.com\/wp-content\/uploads\/2022\/12\/Shooting-pere-fils-9-90x60.jpg 90w\" sizes=\"auto, (max-width: 1024px) 100vw, 1024px\" \/><\/figure>\n<\/div>\n\n\n\n<div class=\"wp-block-column is-layout-flow wp-block-column-is-layout-flow\">\n<figure class=\"wp-block-image size-large\"><img loading=\"lazy\" decoding=\"async\" width=\"1024\" height=\"683\" src=\"http:\/\/annaelle-mahouna-photographie.com\/wp-content\/uploads\/2022\/12\/Shooting-pere-fils-15-1024x683.jpg\" alt=\"\" class=\"wp-image-717\" srcset=\"https:\/\/annaelle-mahouna-photographie.com\/wp-content\/uploads\/2022\/12\/Shooting-pere-fils-15-1024x683.jpg 1024w, https:\/\/annaelle-mahouna-photographie.com\/wp-content\/uploads\/2022\/12\/Shooting-pere-fils-15-scaled-600x400.jpg 600w, https:\/\/annaelle-mahouna-photographie.com\/wp-content\/uploads\/2022\/12\/Shooting-pere-fils-15-300x200.jpg 300w, https:\/\/annaelle-mahouna-photographie.com\/wp-content\/uploads\/2022\/12\/Shooting-pere-fils-15-768x512.jpg 768w, https:\/\/annaelle-mahouna-photographie.com\/wp-content\/uploads\/2022\/12\/Shooting-pere-fils-15-1536x1024.jpg 1536w\" sizes=\"auto, (max-width: 1024px) 100vw, 1024px\" \/><\/figure>\n<\/div>\n<\/div>\n\n\n\n<div class=\"wp-block-columns is-layout-flex wp-container-core-columns-is-layout-9d6595d7 wp-block-columns-is-layout-flex\">\n<div class=\"wp-block-column is-layout-flow wp-block-column-is-layout-flow\">\n<figure class=\"wp-block-image size-large\"><img loading=\"lazy\" decoding=\"async\" width=\"683\" height=\"1024\" src=\"http:\/\/annaelle-mahouna-photographie.com\/wp-content\/uploads\/2022\/12\/Shooting-pere-fils-5-683x1024.jpg\" alt=\"\" class=\"wp-image-718\" srcset=\"https:\/\/annaelle-mahouna-photographie.com\/wp-content\/uploads\/2022\/12\/Shooting-pere-fils-5-683x1024.jpg 683w, https:\/\/annaelle-mahouna-photographie.com\/wp-content\/uploads\/2022\/12\/Shooting-pere-fils-5-scaled-600x900.jpg 600w, https:\/\/annaelle-mahouna-photographie.com\/wp-content\/uploads\/2022\/12\/Shooting-pere-fils-5-200x300.jpg 200w, https:\/\/annaelle-mahouna-photographie.com\/wp-content\/uploads\/2022\/12\/Shooting-pere-fils-5-768x1152.jpg 768w, https:\/\/annaelle-mahouna-photographie.com\/wp-content\/uploads\/2022\/12\/Shooting-pere-fils-5-1024x1536.jpg 1024w, https:\/\/annaelle-mahouna-photographie.com\/wp-content\/uploads\/2022\/12\/Shooting-pere-fils-5-scaled.jpg 1707w\" sizes=\"auto, (max-width: 683px) 100vw, 683px\" \/><\/figure>\n<\/div>\n\n\n\n<div class=\"wp-block-column is-layout-flow wp-block-column-is-layout-flow\">\n<figure class=\"wp-block-image size-large\"><img loading=\"lazy\" decoding=\"async\" width=\"683\" height=\"1024\" src=\"http:\/\/annaelle-mahouna-photographie.com\/wp-content\/uploads\/2022\/12\/Shooting-pere-fils-7-683x1024.jpg\" alt=\"\" class=\"wp-image-719\" srcset=\"https:\/\/annaelle-mahouna-photographie.com\/wp-content\/uploads\/2022\/12\/Shooting-pere-fils-7-683x1024.jpg 683w, https:\/\/annaelle-mahouna-photographie.com\/wp-content\/uploads\/2022\/12\/Shooting-pere-fils-7-scaled-600x900.jpg 600w, https:\/\/annaelle-mahouna-photographie.com\/wp-content\/uploads\/2022\/12\/Shooting-pere-fils-7-200x300.jpg 200w, https:\/\/annaelle-mahouna-photographie.com\/wp-content\/uploads\/2022\/12\/Shooting-pere-fils-7-768x1152.jpg 768w, https:\/\/annaelle-mahouna-photographie.com\/wp-content\/uploads\/2022\/12\/Shooting-pere-fils-7-1024x1536.jpg 1024w, https:\/\/annaelle-mahouna-photographie.com\/wp-content\/uploads\/2022\/12\/Shooting-pere-fils-7-scaled.jpg 1707w\" sizes=\"auto, (max-width: 683px) 100vw, 683px\" \/><\/figure>\n<\/div>\n<\/div>\n\n\n\n<div style=\"height:42px\" aria-hidden=\"true\" class=\"wp-block-spacer\"><\/div>\n","protected":false},"excerpt":{"rendered":"<p>S\u00c9ANCE PHOTOS DE FAMILLE Une s\u00e9ance photos avec un p\u00e8re et son fils pleine de jolies couleurs qui annoncent l\u2019hiver \u00e0 venir. Pourquoi faire une s\u00e9ance photos en famille&nbsp;? Des souvenirs qui n\u2019ont pas de prix Combien de fois vous [&hellip;]<\/p>\n","protected":false},"author":1,"featured_media":0,"parent":569,"menu_order":1,"comment_status":"closed","ping_status":"closed","template":"","meta":{"footnotes":""},"class_list":["post-499","page","type-page","status-publish","hentry"],"_links":{"self":[{"href":"https:\/\/annaelle-mahouna-photographie.com\/index.php\/wp-json\/wp\/v2\/pages\/499","targetHints":{"allow":["GET"]}}],"collection":[{"href":"https:\/\/annaelle-mahouna-photographie.com\/index.php\/wp-json\/wp\/v2\/pages"}],"about":[{"href":"https:\/\/annaelle-mahouna-photographie.com\/index.php\/wp-json\/wp\/v2\/types\/page"}],"author":[{"embeddable":true,"href":"https:\/\/annaelle-mahouna-photographie.com\/index.php\/wp-json\/wp\/v2\/users\/1"}],"replies":[{"embeddable":true,"href":"https:\/\/annaelle-mahouna-photographie.com\/index.php\/wp-json\/wp\/v2\/comments?post=499"}],"version-history":[{"count":20,"href":"https:\/\/annaelle-mahouna-photographie.com\/index.php\/wp-json\/wp\/v2\/pages\/499\/revisions"}],"predecessor-version":[{"id":2179,"href":"https:\/\/annaelle-mahouna-photographie.com\/index.php\/wp-json\/wp\/v2\/pages\/499\/revisions\/2179"}],"up":[{"embeddable":true,"href":"https:\/\/annaelle-mahouna-photographie.com\/index.php\/wp-json\/wp\/v2\/pages\/569"}],"wp:attachment":[{"href":"https:\/\/annaelle-mahouna-photographie.com\/index.php\/wp-json\/wp\/v2\/media?parent=499"}],"curies":[{"name":"wp","href":"https:\/\/api.w.org\/{rel}","templated":true}]}}