{"id":250,"date":"2022-09-20T18:40:39","date_gmt":"2022-09-20T16:40:39","guid":{"rendered":"http:\/\/annaelle-mahouna-photographie.com\/?page_id=250"},"modified":"2023-07-12T11:12:41","modified_gmt":"2023-07-12T09:12:41","slug":"contact","status":"publish","type":"page","link":"https:\/\/annaelle-mahouna-photographie.com\/index.php\/contact\/","title":{"rendered":"Contactez-moi"},"content":{"rendered":"\n<div class=\"wp-block-columns is-layout-flex wp-container-core-columns-is-layout-9d6595d7 wp-block-columns-is-layout-flex\">\n<div class=\"wp-block-column is-layout-flow wp-block-column-is-layout-flow\"><\/div>\n<\/div>\n\n\n\n<div class=\"wp-block-columns is-layout-flex wp-container-core-columns-is-layout-9d6595d7 wp-block-columns-is-layout-flex\">\n<div class=\"wp-block-column is-layout-flow wp-block-column-is-layout-flow\" style=\"flex-basis:25%\"><\/div>\n\n\n\n<div class=\"wp-block-column is-layout-flow wp-block-column-is-layout-flow\" style=\"flex-basis:50%\">\n<p class=\"has-text-align-center\" style=\"font-size:15px\"><em>Concernant une demande de devis pour un mariage, je vous rappellerai afin que nous puissions prendre rendez-vous pour une rencontre en pr\u00e9sentiel.<\/em><\/p>\n<\/div>\n\n\n\n<div class=\"wp-block-column is-layout-flow wp-block-column-is-layout-flow\" style=\"flex-basis:25%\"><\/div>\n<\/div>\n\n\n\n<div class=\"wp-block-qi-blocks-spacer qodef-block-container qodef-block-99e0e93e qodef-hide-on--mobile\"><div class=\"qi-block-spacer qodef-block qodef-m\"><\/div><\/div>\n\n\n\n<div class=\"wp-block-columns is-layout-flex wp-container-core-columns-is-layout-9d6595d7 wp-block-columns-is-layout-flex\">\n<div class=\"wp-block-column is-layout-flow wp-block-column-is-layout-flow\" style=\"flex-basis:25%\">\n<div class=\"wp-block-qi-blocks-single-image qodef-block-container qodef-block-a4a3e391 qodef-hide-on--tablet qodef-hide-on--mobile\"><div class=\"qi-block-single-image qodef-block qodef-m\"><div class=\"qodef-m-image\"><img loading=\"lazy\" decoding=\"async\" width=\"3375\" height=\"6000\" class=\"wp-image-1983\"  src=\"http:\/\/annaelle-mahouna-photographie.com\/wp-content\/uploads\/2023\/07\/MEP-site-internet-9.png\" alt=\"\" srcset=\"https:\/\/annaelle-mahouna-photographie.com\/wp-content\/uploads\/2023\/07\/MEP-site-internet-9.png 3375w, https:\/\/annaelle-mahouna-photographie.com\/wp-content\/uploads\/2023\/07\/MEP-site-internet-9-600x1067.png 600w, https:\/\/annaelle-mahouna-photographie.com\/wp-content\/uploads\/2023\/07\/MEP-site-internet-9-169x300.png 169w, https:\/\/annaelle-mahouna-photographie.com\/wp-content\/uploads\/2023\/07\/MEP-site-internet-9-576x1024.png 576w, https:\/\/annaelle-mahouna-photographie.com\/wp-content\/uploads\/2023\/07\/MEP-site-internet-9-768x1365.png 768w, https:\/\/annaelle-mahouna-photographie.com\/wp-content\/uploads\/2023\/07\/MEP-site-internet-9-864x1536.png 864w, https:\/\/annaelle-mahouna-photographie.com\/wp-content\/uploads\/2023\/07\/MEP-site-internet-9-1152x2048.png 1152w\" sizes=\"auto, (max-width: 3375px) 100vw, 3375px\" \/><\/div><\/div><\/div>\n<\/div>\n\n\n\n<div class=\"wp-block-column is-layout-flow wp-block-column-is-layout-flow\" style=\"flex-basis:50%\">\n<div class=\"forminator-guttenberg\"><div class=\"forminator-ui forminator-custom-form forminator-custom-form-249 forminator-design--default forminator-custom forminator_ajax\" data-forminator-render=\"0\" data-form=\"forminator-module-249\" data-uid=\"69e0d46de7a60\"><br\/><\/div><form\n\t\t\t\tid=\"forminator-module-249\"\n\t\t\t\tclass=\"forminator-ui forminator-custom-form forminator-custom-form-249 forminator-design--default forminator-custom forminator_ajax\"\n\t\t\t\tmethod=\"post\"\n\t\t\t\tdata-forminator-render=\"0\"\n\t\t\t\tdata-form-id=\"249\"\n\t\t\t\t data-color-option=\"default\" data-design=\"default\" data-grid=\"custom\" style=\"display: none;\"\n\t\t\t\tdata-uid=\"69e0d46de7a60\"\n\t\t\t><div role=\"alert\" aria-live=\"polite\" class=\"forminator-response-message forminator-error\" aria-hidden=\"true\"><\/div><div class=\"forminator-row\"><div id=\"name-1\" class=\"forminator-field-name forminator-col forminator-col-12 \"><div class=\"forminator-row forminator-no-margin\" data-multiple=\"true\"><div class=\"forminator-col forminator-col-md-6\"><div class=\"forminator-field\"><label for=\"forminator-field-first-name-1_69e0d46de7a60\" id=\"forminator-field-first-name-1_69e0d46de7a60-label\" class=\"forminator-label\">Pr\u00e9nom <span class=\"forminator-required\">*<\/span><\/label><input type=\"text\" name=\"name-1-first-name\" placeholder=\"\" id=\"forminator-field-first-name-1_69e0d46de7a60\" class=\"forminator-input\" aria-required=\"true\" data-multi=\"1\" autocomplete=\"given-name\" value=\"\" \/><\/div><\/div><div class=\"forminator-col forminator-col-md-6\"><div class=\"forminator-field\"><label for=\"forminator-field-last-name-1_69e0d46de7a60\" id=\"forminator-field-last-name-1_69e0d46de7a60-label\" class=\"forminator-label\">Nom de famille <span class=\"forminator-required\">*<\/span><\/label><input type=\"text\" name=\"name-1-last-name\" placeholder=\"\" id=\"forminator-field-last-name-1_69e0d46de7a60\" class=\"forminator-input\" aria-required=\"true\" data-multi=\"1\" autocomplete=\"family-name\" value=\"\" \/><\/div><\/div><\/div><\/div><\/div><div class=\"forminator-row\"><div id=\"email-1\" class=\"forminator-field-email forminator-col forminator-col-12 \"><div class=\"forminator-field\"><label for=\"forminator-field-email-1_69e0d46de7a60\" id=\"forminator-field-email-1_69e0d46de7a60-label\" class=\"forminator-label\">Adresse de messagerie <span class=\"forminator-required\">*<\/span><\/label><input type=\"email\" name=\"email-1\" value=\"\" placeholder=\"\" id=\"forminator-field-email-1_69e0d46de7a60\" class=\"forminator-input forminator-email--field\" data-required=\"true\" aria-required=\"true\" autocomplete=\"email\" \/><\/div><\/div><\/div><div class=\"forminator-row\"><div id=\"phone-1\" class=\"forminator-field-phone forminator-col forminator-col-12 \"><div class=\"forminator-field\"><label for=\"forminator-field-phone-1_69e0d46de7a60\" id=\"forminator-field-phone-1_69e0d46de7a60-label\" class=\"forminator-label\">Num\u00e9ro de t\u00e9l\u00e9phone <span class=\"forminator-required\">*<\/span><\/label><input type=\"text\" name=\"phone-1\" value=\"\" placeholder=\"\" id=\"forminator-field-phone-1_69e0d46de7a60\" class=\"forminator-input forminator-field--phone\" data-required=\"1\" aria-required=\"true\" autocomplete=\"off\" data-validation=\"1\" \/><\/div><\/div><\/div><div class=\"forminator-row\"><div id=\"textarea-2\" class=\"forminator-field-textarea forminator-col forminator-col-12 \"><div class=\"forminator-field\"><label for=\"forminator-field-textarea-2_69e0d46de7a60\" id=\"forminator-field-textarea-2_69e0d46de7a60-label\" class=\"forminator-label\">Type de s\u00e9ance <span class=\"forminator-required\">*<\/span><\/label><textarea name=\"textarea-2\" placeholder=\"\" id=\"forminator-field-textarea-2_69e0d46de7a60\" class=\"forminator-textarea\" rows=\"6\" style=\"min-height:140px;\" ><\/textarea><\/div><\/div><\/div><div class=\"forminator-row\"><div id=\"date-1\" class=\"forminator-field-date forminator-col forminator-col-12 \"><div class=\"forminator-field\"><label for=\"forminator-field-date-1-picker_69e0d46de7a60\" id=\"forminator-field-date-1-picker_69e0d46de7a60-label\" class=\"forminator-label\">Date de la s\u00e9ance <span class=\"forminator-required\">*<\/span><\/label><div class=\"forminator-input-with-icon\"><span class=\"forminator-icon-calendar\" aria-hidden=\"true\"><\/span><input autocomplete=\"off\" type=\"text\" size=\"1\" name=\"date-1\" value=\"\" placeholder=\"\" id=\"forminator-field-date-1-picker_69e0d46de7a60\" class=\"forminator-input forminator-datepicker\" data-required=\"1\" data-format=\"mm\/dd\/yy\" data-restrict-type=\"\" data-restrict=\"\" data-start-year=\"1926\" data-end-year=\"2126\" data-past-dates=\"enable\" data-start-of-week=\"1\" data-start-date=\"\" data-end-date=\"\" data-start-field=\"\" data-end-field=\"\" data-start-offset=\"\" data-end-offset=\"\" data-disable-date=\"\" data-disable-range=\"\" \/><\/div><\/div><\/div><\/div><div class=\"forminator-row\"><div id=\"address-1\" class=\"forminator-field-address forminator-col forminator-col-12 \"><div class=\"forminator-row\" data-multiple=\"false\"><div id=\"address-1-city\" class=\"forminator-col forminator-col-12\"><div class=\"forminator-field\"><label for=\"forminator-field-address-1-city_69e0d46de7a60\" id=\"forminator-field-address-1-city_69e0d46de7a60-label\" class=\"forminator-label\">Ville <span class=\"forminator-required\">*<\/span><\/label><input type=\"text\" name=\"address-1-city\" placeholder=\"\" id=\"forminator-field-address-1-city_69e0d46de7a60\" class=\"forminator-input\" data-required=\"1\" aria-required=\"true\" autocomplete=\"address-level2\" value=\"\" \/><\/div><\/div><\/div><\/div><\/div><div class=\"forminator-row\"><div id=\"textarea-3\" class=\"forminator-field-textarea forminator-col forminator-col-12 \"><div class=\"forminator-field\"><label for=\"forminator-field-textarea-3_69e0d46de7a60\" id=\"forminator-field-textarea-3_69e0d46de7a60-label\" class=\"forminator-label\">Commentaires<\/label><textarea name=\"textarea-3\" placeholder=\"\" id=\"forminator-field-textarea-3_69e0d46de7a60\" class=\"forminator-textarea\" rows=\"6\" style=\"min-height:140px;\" ><\/textarea><\/div><\/div><\/div><input type=\"hidden\" name=\"referer_url\" value=\"\" \/><div class=\"forminator-row forminator-row-last\"><div class=\"forminator-col\"><div class=\"forminator-field\"><button class=\"forminator-button forminator-button-submit\">Demander un devis<\/button><\/div><\/div><\/div><input type=\"hidden\" id=\"forminator_nonce\" name=\"forminator_nonce\" value=\"cdd9bb519f\" \/><input type=\"hidden\" name=\"_wp_http_referer\" value=\"\/index.php\/wp-json\/wp\/v2\/pages\/250\" \/><input type=\"hidden\" name=\"form_id\" value=\"249\"><input type=\"hidden\" name=\"page_id\" value=\"250\"><input type=\"hidden\" name=\"form_type\" value=\"default\"><input type=\"hidden\" name=\"current_url\" value=\"https:\/\/annaelle-mahouna-photographie.com\/index.php\/contact\/\"><input type=\"hidden\" name=\"render_id\" value=\"0\"><input type=\"hidden\" name=\"action\" value=\"forminator_submit_form_custom-forms\"><\/form><\/div>\n<\/div>\n\n\n\n<div class=\"wp-block-column is-layout-flow wp-block-column-is-layout-flow\" style=\"flex-basis:25%\">\n<div class=\"wp-block-qi-blocks-spacer qodef-block-container qodef-block-fa5afda3\"><div class=\"qi-block-spacer qodef-block qodef-m\"><\/div><\/div>\n\n\n\n<div class=\"wp-block-qi-blocks-single-image qodef-block-container qodef-block-9afc0857 qodef-hide-on--tablet qodef-hide-on--mobile\"><div class=\"qi-block-single-image qodef-block qodef-m\"><div class=\"qodef-m-image\"><img loading=\"lazy\" decoding=\"async\" width=\"3375\" height=\"6000\" class=\"wp-image-2131\"  src=\"http:\/\/annaelle-mahouna-photographie.com\/wp-content\/uploads\/2023\/07\/MEP-site-internet-2-1.png\" alt=\"\" srcset=\"https:\/\/annaelle-mahouna-photographie.com\/wp-content\/uploads\/2023\/07\/MEP-site-internet-2-1.png 3375w, https:\/\/annaelle-mahouna-photographie.com\/wp-content\/uploads\/2023\/07\/MEP-site-internet-2-1-600x1067.png 600w, https:\/\/annaelle-mahouna-photographie.com\/wp-content\/uploads\/2023\/07\/MEP-site-internet-2-1-169x300.png 169w\" sizes=\"auto, (max-width: 3375px) 100vw, 3375px\" \/><\/div><\/div><\/div>\n<\/div>\n<\/div>\n\n\n\n<div class=\"wp-block-qi-blocks-spacer qodef-block-container qodef-block-030fcb5f qodef-hide-on--mobile\"><div class=\"qi-block-spacer qodef-block qodef-m\"><\/div><\/div>\n","protected":false},"excerpt":{"rendered":"<p>Concernant une demande de devis pour un mariage, je vous rappellerai afin que nous puissions prendre rendez-vous pour une rencontre en pr\u00e9sentiel.<\/p>\n","protected":false},"author":1,"featured_media":0,"parent":0,"menu_order":0,"comment_status":"closed","ping_status":"closed","template":"","meta":{"footnotes":""},"class_list":["post-250","page","type-page","status-publish","hentry"],"_links":{"self":[{"href":"https:\/\/annaelle-mahouna-photographie.com\/index.php\/wp-json\/wp\/v2\/pages\/250","targetHints":{"allow":["GET"]}}],"collection":[{"href":"https:\/\/annaelle-mahouna-photographie.com\/index.php\/wp-json\/wp\/v2\/pages"}],"about":[{"href":"https:\/\/annaelle-mahouna-photographie.com\/index.php\/wp-json\/wp\/v2\/types\/page"}],"author":[{"embeddable":true,"href":"https:\/\/annaelle-mahouna-photographie.com\/index.php\/wp-json\/wp\/v2\/users\/1"}],"replies":[{"embeddable":true,"href":"https:\/\/annaelle-mahouna-photographie.com\/index.php\/wp-json\/wp\/v2\/comments?post=250"}],"version-history":[{"count":34,"href":"https:\/\/annaelle-mahouna-photographie.com\/index.php\/wp-json\/wp\/v2\/pages\/250\/revisions"}],"predecessor-version":[{"id":2386,"href":"https:\/\/annaelle-mahouna-photographie.com\/index.php\/wp-json\/wp\/v2\/pages\/250\/revisions\/2386"}],"wp:attachment":[{"href":"https:\/\/annaelle-mahouna-photographie.com\/index.php\/wp-json\/wp\/v2\/media?parent=250"}],"curies":[{"name":"wp","href":"https:\/\/api.w.org\/{rel}","templated":true}]}}