{"id":2491,"date":"2024-02-09T11:42:06","date_gmt":"2024-02-09T10:42:06","guid":{"rendered":"http:\/\/annaelle-mahouna-photographie.com\/?page_id=2491"},"modified":"2024-02-09T16:05:44","modified_gmt":"2024-02-09T15:05:44","slug":"actualites","status":"publish","type":"page","link":"https:\/\/annaelle-mahouna-photographie.com\/index.php\/actualites\/","title":{"rendered":"Actualit\u00e9s"},"content":{"rendered":"\n<div class=\"wp-block-columns is-layout-flex wp-container-core-columns-is-layout-9d6595d7 wp-block-columns-is-layout-flex\">\n<div class=\"wp-block-column is-layout-flow wp-block-column-is-layout-flow\">\n<p class=\"has-text-align-center has-text-color has-background has-link-color wp-elements-04519d25ef9759ae9eb5a48fb0dbb1a1\" style=\"color:#544b4b;background-color:#f1e8de;font-size:13px\"><strong>NAISSANCE DE MARIANNE<\/strong><\/p>\n\n\n\n<div class=\"wp-block-qi-blocks-spacer qodef-block-container qodef-block-0a4e355e qodef-hide-on--tablet qodef-hide-on--mobile\"><div class=\"qi-block-spacer qodef-block qodef-m\"><\/div><\/div>\n\n\n\n<p class=\"has-text-align-center has-small-font-size\"><em><a href=\"http:\/\/annaelle-mahouna-photographie.com\/index.php\/actualites\/naissance-de-marianne\/\">Acc\u00e9der \u00e0 la galerie<\/a><\/em><\/p>\n\n\n\n<div class=\"wp-block-qi-blocks-spacer qodef-block-container qodef-block-b5353797 qodef-hide-on--tablet qodef-hide-on--mobile\"><div class=\"qi-block-spacer qodef-block qodef-m\"><\/div><\/div>\n\n\n\n<div class=\"wp-block-qi-blocks-image-slider qodef-block-container qodef-block-d49a73cd\"><div class=\"qi-block-image-slider qodef-block qodef-m qi-block-fslightbox-popup qodef-popup-gallery\"><div class=\"qodef-block-swiper qodef-navigation--inside qodef-pagination--inside qodef-navigation--hover-move\" data-options=\"{&quot;direction&quot;:&quot;horizontal&quot;,&quot;slidesPerView&quot;:1,&quot;spaceBetween&quot;:0,&quot;loop&quot;:true,&quot;autoplay&quot;:true,&quot;centeredSlides&quot;:false,&quot;dragging&quot;:true,&quot;outsideNavigation&quot;:&quot;no&quot;,&quot;outsidePagination&quot;:&quot;no&quot;,&quot;effect&quot;:&quot;slide&quot;}\"><div class=\"swiper-wrapper\"><div class=\"qodef-e swiper-slide\"><div class=\"qodef-e-inner\"><a class=\"qodef-popup-item\" href=\"http:\/\/annaelle-mahouna-photographie.com\/wp-content\/uploads\/2024\/02\/Shooting-naissance-Mariane-11-scaled.jpg\" data-type=\"image\" data-fslightbox=\"gallery-366\"><img loading=\"lazy\" decoding=\"async\" width=\"1707\" height=\"2560\" class=\"qodef-e-image wp-image-2516\" src=\"http:\/\/annaelle-mahouna-photographie.com\/wp-content\/uploads\/2024\/02\/Shooting-naissance-Mariane-11-scaled.jpg\" alt=\"\" srcset=\"https:\/\/annaelle-mahouna-photographie.com\/wp-content\/uploads\/2024\/02\/Shooting-naissance-Mariane-11-scaled.jpg 1707w, https:\/\/annaelle-mahouna-photographie.com\/wp-content\/uploads\/2024\/02\/Shooting-naissance-Mariane-11-200x300.jpg 200w, https:\/\/annaelle-mahouna-photographie.com\/wp-content\/uploads\/2024\/02\/Shooting-naissance-Mariane-11-683x1024.jpg 683w, https:\/\/annaelle-mahouna-photographie.com\/wp-content\/uploads\/2024\/02\/Shooting-naissance-Mariane-11-768x1152.jpg 768w, https:\/\/annaelle-mahouna-photographie.com\/wp-content\/uploads\/2024\/02\/Shooting-naissance-Mariane-11-1024x1536.jpg 1024w\" sizes=\"auto, (max-width: 1707px) 100vw, 1707px\" \/><\/a><\/div><\/div><div class=\"qodef-e swiper-slide\"><div class=\"qodef-e-inner\"><a class=\"qodef-popup-item\" href=\"http:\/\/annaelle-mahouna-photographie.com\/wp-content\/uploads\/2024\/02\/Shooting-naissance-Mariane-17-scaled.jpg\" data-type=\"image\" data-fslightbox=\"gallery-366\"><img loading=\"lazy\" decoding=\"async\" width=\"1707\" height=\"2560\" class=\"qodef-e-image wp-image-2520\" src=\"http:\/\/annaelle-mahouna-photographie.com\/wp-content\/uploads\/2024\/02\/Shooting-naissance-Mariane-17-scaled.jpg\" alt=\"\" srcset=\"https:\/\/annaelle-mahouna-photographie.com\/wp-content\/uploads\/2024\/02\/Shooting-naissance-Mariane-17-scaled.jpg 1707w, https:\/\/annaelle-mahouna-photographie.com\/wp-content\/uploads\/2024\/02\/Shooting-naissance-Mariane-17-200x300.jpg 200w, https:\/\/annaelle-mahouna-photographie.com\/wp-content\/uploads\/2024\/02\/Shooting-naissance-Mariane-17-683x1024.jpg 683w, https:\/\/annaelle-mahouna-photographie.com\/wp-content\/uploads\/2024\/02\/Shooting-naissance-Mariane-17-768x1152.jpg 768w, https:\/\/annaelle-mahouna-photographie.com\/wp-content\/uploads\/2024\/02\/Shooting-naissance-Mariane-17-1024x1536.jpg 1024w\" sizes=\"auto, (max-width: 1707px) 100vw, 1707px\" \/><\/a><\/div><\/div><div class=\"qodef-e swiper-slide\"><div class=\"qodef-e-inner\"><a class=\"qodef-popup-item\" href=\"http:\/\/annaelle-mahouna-photographie.com\/wp-content\/uploads\/2024\/02\/Shooting-naissance-Mariane-23-scaled.jpg\" data-type=\"image\" data-fslightbox=\"gallery-366\"><img loading=\"lazy\" decoding=\"async\" width=\"1707\" height=\"2560\" class=\"qodef-e-image wp-image-2524\" src=\"http:\/\/annaelle-mahouna-photographie.com\/wp-content\/uploads\/2024\/02\/Shooting-naissance-Mariane-23-scaled.jpg\" alt=\"\" srcset=\"https:\/\/annaelle-mahouna-photographie.com\/wp-content\/uploads\/2024\/02\/Shooting-naissance-Mariane-23-scaled.jpg 1707w, https:\/\/annaelle-mahouna-photographie.com\/wp-content\/uploads\/2024\/02\/Shooting-naissance-Mariane-23-200x300.jpg 200w, https:\/\/annaelle-mahouna-photographie.com\/wp-content\/uploads\/2024\/02\/Shooting-naissance-Mariane-23-683x1024.jpg 683w, https:\/\/annaelle-mahouna-photographie.com\/wp-content\/uploads\/2024\/02\/Shooting-naissance-Mariane-23-768x1152.jpg 768w, https:\/\/annaelle-mahouna-photographie.com\/wp-content\/uploads\/2024\/02\/Shooting-naissance-Mariane-23-1024x1536.jpg 1024w\" sizes=\"auto, (max-width: 1707px) 100vw, 1707px\" \/><\/a><\/div><\/div><\/div><div class=\"swiper-button-prev swiper-button-prev-qodef-block-d49a73cd\"><svg xmlns=\"http:\/\/www.w3.org\/2000\/svg\" xmlns:xlink=\"http:\/\/www.w3.org\/1999\/xlink\" x=\"0px\" y=\"0px\" viewBox=\"0 0 34.2 32.3\" xml:space=\"preserve\" style=\"stroke-width: 2;\"><line x1=\"0.5\" y1=\"16\" x2=\"33.5\" y2=\"16\"\/><line x1=\"0.3\" y1=\"16.5\" x2=\"16.2\" y2=\"0.7\"\/><line x1=\"0\" y1=\"15.4\" x2=\"16.2\" y2=\"31.6\"\/><\/svg><\/div><div class=\"swiper-button-next swiper-button-next-qodef-block-d49a73cd\"><svg xmlns=\"http:\/\/www.w3.org\/2000\/svg\" xmlns:xlink=\"http:\/\/www.w3.org\/1999\/xlink\" x=\"0px\" y=\"0px\" viewBox=\"0 0 34.2 32.3\" xml:space=\"preserve\" style=\"stroke-width: 2;\"><line x1=\"0\" y1=\"16\" x2=\"33\" y2=\"16\"\/><line x1=\"17.3\" y1=\"0.7\" x2=\"33.2\" y2=\"16.5\"\/><line x1=\"17.3\" y1=\"31.6\" x2=\"33.5\" y2=\"15.4\"\/><\/svg><\/div><div class=\"swiper-pagination \"><\/div><\/div><\/div><\/div>\n<\/div>\n\n\n\n<div class=\"wp-block-column is-layout-flow wp-block-column-is-layout-flow\">\n<p class=\"has-text-align-center has-text-color has-background has-link-color wp-elements-f5421611446d0ee9e31b27a7a4a8b2d5\" style=\"color:#544b4b;background-color:#f1e8de;font-size:13px\"><strong>NAISSANCE D&rsquo;EDEN<\/strong><\/p>\n\n\n\n<div class=\"wp-block-qi-blocks-spacer qodef-block-container qodef-block-ccb7744e qodef-hide-on--tablet qodef-hide-on--mobile\"><div class=\"qi-block-spacer qodef-block qodef-m\"><\/div><\/div>\n\n\n\n<p class=\"has-text-align-center has-small-font-size\"><em><a href=\"http:\/\/annaelle-mahouna-photographie.com\/index.php\/actualites\/naissance-deden\/\">Acc\u00e9der \u00e0 la galerie<\/a><\/em><\/p>\n\n\n\n<div class=\"wp-block-qi-blocks-spacer qodef-block-container qodef-block-7129d887 qodef-hide-on--tablet qodef-hide-on--mobile\"><div class=\"qi-block-spacer qodef-block qodef-m\"><\/div><\/div>\n\n\n\n<div class=\"wp-block-qi-blocks-image-slider qodef-block-container qodef-block-12e46009\"><div class=\"qi-block-image-slider qodef-block qodef-m qi-block-fslightbox-popup qodef-popup-gallery\"><div class=\"qodef-block-swiper qodef-navigation--inside qodef-pagination--inside qodef-navigation--hover-move\" data-options=\"{&quot;direction&quot;:&quot;horizontal&quot;,&quot;slidesPerView&quot;:1,&quot;spaceBetween&quot;:0,&quot;loop&quot;:true,&quot;autoplay&quot;:true,&quot;centeredSlides&quot;:false,&quot;dragging&quot;:true,&quot;outsideNavigation&quot;:&quot;no&quot;,&quot;outsidePagination&quot;:&quot;no&quot;,&quot;effect&quot;:&quot;slide&quot;}\"><div class=\"swiper-wrapper\"><div class=\"qodef-e swiper-slide\"><div class=\"qodef-e-inner\"><a class=\"qodef-popup-item\" href=\"http:\/\/annaelle-mahouna-photographie.com\/wp-content\/uploads\/2024\/02\/Shhoting-Eden-45-scaled.jpg\" data-type=\"image\" data-fslightbox=\"gallery-454\"><img loading=\"lazy\" decoding=\"async\" width=\"1707\" height=\"2560\" class=\"qodef-e-image wp-image-2507\" src=\"http:\/\/annaelle-mahouna-photographie.com\/wp-content\/uploads\/2024\/02\/Shhoting-Eden-45-scaled.jpg\" alt=\"\" srcset=\"https:\/\/annaelle-mahouna-photographie.com\/wp-content\/uploads\/2024\/02\/Shhoting-Eden-45-scaled.jpg 1707w, https:\/\/annaelle-mahouna-photographie.com\/wp-content\/uploads\/2024\/02\/Shhoting-Eden-45-200x300.jpg 200w, https:\/\/annaelle-mahouna-photographie.com\/wp-content\/uploads\/2024\/02\/Shhoting-Eden-45-683x1024.jpg 683w, https:\/\/annaelle-mahouna-photographie.com\/wp-content\/uploads\/2024\/02\/Shhoting-Eden-45-768x1152.jpg 768w, https:\/\/annaelle-mahouna-photographie.com\/wp-content\/uploads\/2024\/02\/Shhoting-Eden-45-1024x1536.jpg 1024w\" sizes=\"auto, (max-width: 1707px) 100vw, 1707px\" \/><\/a><\/div><\/div><div class=\"qodef-e swiper-slide\"><div class=\"qodef-e-inner\"><a class=\"qodef-popup-item\" href=\"http:\/\/annaelle-mahouna-photographie.com\/wp-content\/uploads\/2023\/11\/Shhoting-Eden-62-scaled.jpg\" data-type=\"image\" data-fslightbox=\"gallery-454\"><img loading=\"lazy\" decoding=\"async\" width=\"1707\" height=\"2560\" class=\"qodef-e-image wp-image-2451\" src=\"http:\/\/annaelle-mahouna-photographie.com\/wp-content\/uploads\/2023\/11\/Shhoting-Eden-62-scaled.jpg\" alt=\"\" srcset=\"https:\/\/annaelle-mahouna-photographie.com\/wp-content\/uploads\/2023\/11\/Shhoting-Eden-62-scaled.jpg 1707w, https:\/\/annaelle-mahouna-photographie.com\/wp-content\/uploads\/2023\/11\/Shhoting-Eden-62-200x300.jpg 200w, https:\/\/annaelle-mahouna-photographie.com\/wp-content\/uploads\/2023\/11\/Shhoting-Eden-62-683x1024.jpg 683w, https:\/\/annaelle-mahouna-photographie.com\/wp-content\/uploads\/2023\/11\/Shhoting-Eden-62-768x1152.jpg 768w, https:\/\/annaelle-mahouna-photographie.com\/wp-content\/uploads\/2023\/11\/Shhoting-Eden-62-1024x1536.jpg 1024w\" sizes=\"auto, (max-width: 1707px) 100vw, 1707px\" \/><\/a><\/div><\/div><div class=\"qodef-e swiper-slide\"><div class=\"qodef-e-inner\"><a class=\"qodef-popup-item\" href=\"http:\/\/annaelle-mahouna-photographie.com\/wp-content\/uploads\/2023\/11\/Shhoting-Eden-9-scaled.jpg\" data-type=\"image\" data-fslightbox=\"gallery-454\"><img loading=\"lazy\" decoding=\"async\" width=\"1707\" height=\"2560\" class=\"qodef-e-image wp-image-2410\" src=\"http:\/\/annaelle-mahouna-photographie.com\/wp-content\/uploads\/2023\/11\/Shhoting-Eden-9-scaled.jpg\" alt=\"\"\/><\/a><\/div><\/div><\/div><div class=\"swiper-button-prev swiper-button-prev-qodef-block-12e46009\"><svg xmlns=\"http:\/\/www.w3.org\/2000\/svg\" xmlns:xlink=\"http:\/\/www.w3.org\/1999\/xlink\" x=\"0px\" y=\"0px\" viewBox=\"0 0 34.2 32.3\" xml:space=\"preserve\" style=\"stroke-width: 2;\"><line x1=\"0.5\" y1=\"16\" x2=\"33.5\" y2=\"16\"\/><line x1=\"0.3\" y1=\"16.5\" x2=\"16.2\" y2=\"0.7\"\/><line x1=\"0\" y1=\"15.4\" x2=\"16.2\" y2=\"31.6\"\/><\/svg><\/div><div class=\"swiper-button-next swiper-button-next-qodef-block-12e46009\"><svg xmlns=\"http:\/\/www.w3.org\/2000\/svg\" xmlns:xlink=\"http:\/\/www.w3.org\/1999\/xlink\" x=\"0px\" y=\"0px\" viewBox=\"0 0 34.2 32.3\" xml:space=\"preserve\" style=\"stroke-width: 2;\"><line x1=\"0\" y1=\"16\" x2=\"33\" y2=\"16\"\/><line x1=\"17.3\" y1=\"0.7\" x2=\"33.2\" y2=\"16.5\"\/><line x1=\"17.3\" y1=\"31.6\" x2=\"33.5\" y2=\"15.4\"\/><\/svg><\/div><div class=\"swiper-pagination \"><\/div><\/div><\/div><\/div>\n<\/div>\n\n\n\n<div class=\"wp-block-column is-layout-flow wp-block-column-is-layout-flow\">\n<p class=\"has-text-align-center has-text-color has-background has-link-color wp-elements-c0ba7e25316f10bead346cd24cae6aa7\" style=\"color:#544b4b;background-color:#f1e8de;font-size:13px\"><strong>GROSSESSE DE GLORIA<\/strong><\/p>\n\n\n\n<div class=\"wp-block-qi-blocks-spacer qodef-block-container qodef-block-eeef53e6 qodef-hide-on--tablet qodef-hide-on--mobile\"><div class=\"qi-block-spacer qodef-block qodef-m\"><\/div><\/div>\n\n\n\n<p class=\"has-text-align-center has-small-font-size\"><em><a href=\"http:\/\/annaelle-mahouna-photographie.com\/index.php\/actualites\/grossesse-de-gloria\/\">Acc\u00e9der \u00e0 la galerie<\/a><\/em><\/p>\n\n\n\n<div class=\"wp-block-qi-blocks-spacer qodef-block-container qodef-block-05485855 qodef-hide-on--tablet qodef-hide-on--mobile\"><div class=\"qi-block-spacer qodef-block qodef-m\"><\/div><\/div>\n\n\n\n<div class=\"wp-block-qi-blocks-image-slider qodef-block-container qodef-block-9c2c82ad\"><div class=\"qi-block-image-slider qodef-block qodef-m qi-block-fslightbox-popup qodef-popup-gallery\"><div class=\"qodef-block-swiper qodef-navigation--inside qodef-pagination--inside qodef-navigation--hover-move\" data-options=\"{&quot;direction&quot;:&quot;horizontal&quot;,&quot;slidesPerView&quot;:1,&quot;spaceBetween&quot;:0,&quot;loop&quot;:true,&quot;autoplay&quot;:true,&quot;centeredSlides&quot;:false,&quot;dragging&quot;:true,&quot;outsideNavigation&quot;:&quot;no&quot;,&quot;outsidePagination&quot;:&quot;no&quot;,&quot;effect&quot;:&quot;slide&quot;}\"><div class=\"swiper-wrapper\"><div class=\"qodef-e swiper-slide\"><div class=\"qodef-e-inner\"><a class=\"qodef-popup-item\" href=\"http:\/\/annaelle-mahouna-photographie.com\/wp-content\/uploads\/2024\/02\/Shooting-grossesse-GJL-54-1-scaled.jpg\" data-type=\"image\" data-fslightbox=\"gallery-849\"><img loading=\"lazy\" decoding=\"async\" width=\"1707\" height=\"2560\" class=\"qodef-e-image wp-image-2637\" src=\"http:\/\/annaelle-mahouna-photographie.com\/wp-content\/uploads\/2024\/02\/Shooting-grossesse-GJL-54-1-scaled.jpg\" alt=\"\" srcset=\"https:\/\/annaelle-mahouna-photographie.com\/wp-content\/uploads\/2024\/02\/Shooting-grossesse-GJL-54-1-scaled.jpg 1707w, https:\/\/annaelle-mahouna-photographie.com\/wp-content\/uploads\/2024\/02\/Shooting-grossesse-GJL-54-1-200x300.jpg 200w\" sizes=\"auto, (max-width: 1707px) 100vw, 1707px\" \/><\/a><\/div><\/div><div class=\"qodef-e swiper-slide\"><div class=\"qodef-e-inner\"><a class=\"qodef-popup-item\" href=\"http:\/\/annaelle-mahouna-photographie.com\/wp-content\/uploads\/2024\/02\/Shooting-grossesse-GJL-59-scaled.jpg\" data-type=\"image\" data-fslightbox=\"gallery-849\"><img loading=\"lazy\" decoding=\"async\" width=\"1707\" height=\"2560\" class=\"qodef-e-image wp-image-2642\" src=\"http:\/\/annaelle-mahouna-photographie.com\/wp-content\/uploads\/2024\/02\/Shooting-grossesse-GJL-59-scaled.jpg\" alt=\"\" srcset=\"https:\/\/annaelle-mahouna-photographie.com\/wp-content\/uploads\/2024\/02\/Shooting-grossesse-GJL-59-scaled.jpg 1707w, https:\/\/annaelle-mahouna-photographie.com\/wp-content\/uploads\/2024\/02\/Shooting-grossesse-GJL-59-200x300.jpg 200w, https:\/\/annaelle-mahouna-photographie.com\/wp-content\/uploads\/2024\/02\/Shooting-grossesse-GJL-59-683x1024.jpg 683w, https:\/\/annaelle-mahouna-photographie.com\/wp-content\/uploads\/2024\/02\/Shooting-grossesse-GJL-59-768x1152.jpg 768w, https:\/\/annaelle-mahouna-photographie.com\/wp-content\/uploads\/2024\/02\/Shooting-grossesse-GJL-59-1024x1536.jpg 1024w\" sizes=\"auto, (max-width: 1707px) 100vw, 1707px\" \/><\/a><\/div><\/div><div class=\"qodef-e swiper-slide\"><div class=\"qodef-e-inner\"><a class=\"qodef-popup-item\" href=\"http:\/\/annaelle-mahouna-photographie.com\/wp-content\/uploads\/2024\/02\/Shooting-grossesse-GJL-37-1-scaled.jpg\" data-type=\"image\" data-fslightbox=\"gallery-849\"><img loading=\"lazy\" decoding=\"async\" width=\"1707\" height=\"2560\" class=\"qodef-e-image wp-image-2603\" src=\"http:\/\/annaelle-mahouna-photographie.com\/wp-content\/uploads\/2024\/02\/Shooting-grossesse-GJL-37-1-scaled.jpg\" alt=\"\" srcset=\"https:\/\/annaelle-mahouna-photographie.com\/wp-content\/uploads\/2024\/02\/Shooting-grossesse-GJL-37-1-scaled.jpg 1707w, https:\/\/annaelle-mahouna-photographie.com\/wp-content\/uploads\/2024\/02\/Shooting-grossesse-GJL-37-1-200x300.jpg 200w, https:\/\/annaelle-mahouna-photographie.com\/wp-content\/uploads\/2024\/02\/Shooting-grossesse-GJL-37-1-683x1024.jpg 683w, https:\/\/annaelle-mahouna-photographie.com\/wp-content\/uploads\/2024\/02\/Shooting-grossesse-GJL-37-1-768x1152.jpg 768w, https:\/\/annaelle-mahouna-photographie.com\/wp-content\/uploads\/2024\/02\/Shooting-grossesse-GJL-37-1-1024x1536.jpg 1024w\" sizes=\"auto, (max-width: 1707px) 100vw, 1707px\" \/><\/a><\/div><\/div><\/div><div class=\"swiper-button-prev swiper-button-prev-qodef-block-9c2c82ad\"><svg xmlns=\"http:\/\/www.w3.org\/2000\/svg\" xmlns:xlink=\"http:\/\/www.w3.org\/1999\/xlink\" x=\"0px\" y=\"0px\" viewBox=\"0 0 34.2 32.3\" xml:space=\"preserve\" style=\"stroke-width: 2;\"><line x1=\"0.5\" y1=\"16\" x2=\"33.5\" y2=\"16\"\/><line x1=\"0.3\" y1=\"16.5\" x2=\"16.2\" y2=\"0.7\"\/><line x1=\"0\" y1=\"15.4\" x2=\"16.2\" y2=\"31.6\"\/><\/svg><\/div><div class=\"swiper-button-next swiper-button-next-qodef-block-9c2c82ad\"><svg xmlns=\"http:\/\/www.w3.org\/2000\/svg\" xmlns:xlink=\"http:\/\/www.w3.org\/1999\/xlink\" x=\"0px\" y=\"0px\" viewBox=\"0 0 34.2 32.3\" xml:space=\"preserve\" style=\"stroke-width: 2;\"><line x1=\"0\" y1=\"16\" x2=\"33\" y2=\"16\"\/><line x1=\"17.3\" y1=\"0.7\" x2=\"33.2\" y2=\"16.5\"\/><line x1=\"17.3\" y1=\"31.6\" x2=\"33.5\" y2=\"15.4\"\/><\/svg><\/div><div class=\"swiper-pagination \"><\/div><\/div><\/div><\/div>\n<\/div>\n<\/div>\n\n\n\n<div class=\"wp-block-qi-blocks-spacer qodef-block-container qodef-block-00141774\"><div class=\"qi-block-spacer qodef-block qodef-m\"><\/div><\/div>\n","protected":false},"excerpt":{"rendered":"<p>NAISSANCE DE MARIANNE Acc\u00e9der \u00e0 la galerie NAISSANCE D&rsquo;EDEN Acc\u00e9der \u00e0 la galerie GROSSESSE DE GLORIA Acc\u00e9der \u00e0 la galerie<\/p>\n","protected":false},"author":1,"featured_media":0,"parent":0,"menu_order":0,"comment_status":"closed","ping_status":"closed","template":"","meta":{"footnotes":""},"class_list":["post-2491","page","type-page","status-publish","hentry"],"_links":{"self":[{"href":"https:\/\/annaelle-mahouna-photographie.com\/index.php\/wp-json\/wp\/v2\/pages\/2491","targetHints":{"allow":["GET"]}}],"collection":[{"href":"https:\/\/annaelle-mahouna-photographie.com\/index.php\/wp-json\/wp\/v2\/pages"}],"about":[{"href":"https:\/\/annaelle-mahouna-photographie.com\/index.php\/wp-json\/wp\/v2\/types\/page"}],"author":[{"embeddable":true,"href":"https:\/\/annaelle-mahouna-photographie.com\/index.php\/wp-json\/wp\/v2\/users\/1"}],"replies":[{"embeddable":true,"href":"https:\/\/annaelle-mahouna-photographie.com\/index.php\/wp-json\/wp\/v2\/comments?post=2491"}],"version-history":[{"count":15,"href":"https:\/\/annaelle-mahouna-photographie.com\/index.php\/wp-json\/wp\/v2\/pages\/2491\/revisions"}],"predecessor-version":[{"id":2717,"href":"https:\/\/annaelle-mahouna-photographie.com\/index.php\/wp-json\/wp\/v2\/pages\/2491\/revisions\/2717"}],"wp:attachment":[{"href":"https:\/\/annaelle-mahouna-photographie.com\/index.php\/wp-json\/wp\/v2\/media?parent=2491"}],"curies":[{"name":"wp","href":"https:\/\/api.w.org\/{rel}","templated":true}]}}